{"id":3115,"date":"2017-02-10T13:19:11","date_gmt":"2017-02-10T12:19:11","guid":{"rendered":"https:\/\/www.maria-woerth.info\/?page_id=3115\/"},"modified":"2025-03-19T09:07:53","modified_gmt":"2025-03-19T08:07:53","slug":"maria-woerth","status":"publish","type":"page","link":"https:\/\/www.maria-woerth.info\/it\/maria-woerth\/","title":{"rendered":"Maria W\u00f6rth"},"content":{"rendered":"<div class=\"wpb-content-wrapper\">[vc_row padding_top=&#8221;0px&#8221; padding_bottom=&#8221;0px&#8221;][vc_column fade_animation_offset=&#8221;45px&#8221; width=&#8221;1\/1&#8243; id=&#8221;&#8221; class=&#8221;underline-tour-untertitel&#8221; style=&#8221;&#8221;]<h2 class=\"untertitel-tour-h2\">Regione per famiglie W\u00f6rthersee S\u00fcd<\/h2>\n[\/vc_column][\/vc_row][vc_row padding_top=&#8221;0px&#8221; padding_bottom=&#8221;0px&#8221;][vc_column fade_animation_offset=&#8221;45px&#8221; width=&#8221;1\/1&#8243;]<h3 class=\"tour-h3\">Idilliaco W\u00f6rthersee<\/h3>\n[vc_row_inner padding_top=&#8221;0px&#8221; padding_bottom=&#8221;0px&#8221;][vc_column_inner fade_animation_offset=&#8221;45px&#8221; width=&#8221;1\/2&#8243;]<p style=\"text-align: left;\">W\u00f6rthersee Sud &#8211; la sponda meridionale del lago W\u00f6rthersee in posizione idilliaca &#8211; deve il suo carattere incantevole alle due chiese sulla penisola di Maria W\u00f6rth, poste in &#8220;mezzo&#8221; al lago, denominate &#8220;il cuore del W\u00f6rthersee&#8221;!<\/p>\n<p style=\"text-align: left;\">I quattro distretti di Maria W\u00f6rth, Reifnitz, Dellach e Sekirn &#8211; il Comune di Maria W\u00f6rth &#8211; presentano offerte tanto diverse ma hanno in comune una cosa: l&#8217;incantevole paesaggio, le acque chiare e pure del lago con la limpidezza dell&#8217;acqua potabile, i prati e i boschi non ancora contaminati dall&#8217;ambiente.<\/p>\n[\/vc_column_inner][vc_column_inner fade_animation_offset=&#8221;45px&#8221; width=&#8221;1\/2&#8243;]<a  class=\"x-img tour-kreis x-img-link x-img-circle none\"  href=\"https:\/\/www.maria-woerth.info\/wp-content\/uploads\/2016\/05\/tourismusinfo.jpg\"     data-options=\"thumbnail: 'https:\/\/www.maria-woerth.info\/wp-content\/uploads\/2016\/05\/tourismusinformation.jpg'\"><img decoding=\"async\" src=\"https:\/\/www.maria-woerth.info\/wp-content\/uploads\/2016\/05\/tourismusinformation.jpg\" alt=\"Tourismusinformation\"><\/a>[\/vc_column_inner][\/vc_row_inner]<h3 class=\"tour-h3\">In una sola parola: natura allo stato puro!<\/h3>\n<p style=\"text-align: left;\">Maria W\u00f6rth si distingue in particolare anche per le numerose offerte per la salute. Alla salute, il bene pi\u00f9 prezioso di ogni essere umano, viene data la massima importanza nel Comune di Maria W\u00f6rth.<\/p>\n<p style=\"text-align: left;\">Non si pu\u00f2 non citare il soggiorno di cura F. X. Mayr, presso il centro per la salute a THE ORIGINAL FX MAYR hotel a Dellach e VIVAMAYR Medicalcenter a Maria W\u00f6rth &#8211; il Centro per la moderna medicina Mayr &#8211; come anche lo stabilimento di cura Dott. Schulz a Reifnitz.<\/p>\n[\/vc_column][\/vc_row][vc_row padding_top=&#8221;0px&#8221; padding_bottom=&#8221;0px&#8221; bg_video=&#8221;&#8221; class=&#8221;hideit1&#8243; style=&#8221;&#8221;][vc_column fade_animation_offset=&#8221;45px&#8221; width=&#8221;1\/1&#8243;][\/vc_column][\/vc_row][vc_row padding_top=&#8221;0px&#8221; padding_bottom=&#8221;0px&#8221; bg_video=&#8221;&#8221; class=&#8221;hideit2&#8243; style=&#8221;&#8221;][vc_column fade_animation_offset=&#8221;45px&#8221; width=&#8221;1\/1&#8243;]\n\t\t<div id=\"rfbwp_6a06ee82bd1b6\" class=\"rfbwp-shelf rfbwp-shelf-style-classic\">\n\t\t<div class=\"rfbwp-shelf-books\">\n\t\t\t\t\t<\/div>\n\t\t<div class=\"rfbwp-shelf-box\"><a href=\"#\" class=\"rfbwp-close\"><\/a><div class=\"rfbwp-shelf-wrap\"><\/div><\/div>\n\t\t<div class=\"rfbwp-shelf-cache\"><\/div>\t\t<div class=\"rfbwp-shelf-display\">\n\t\t\t<div class=\"rfbwp-shelf-front\"><\/div>\n\t\t\t<div class=\"rfbwp-shelf-front-gradient\"><\/div>\n\t\t\t<div class=\"rfbwp-shelf-top\"><\/div>\n\t\t\t<div class=\"rfbwp-shelf-top-gradient\"><\/div>\n\t\t\t<div class=\"rfbwp-shelf-shadow\"><\/div>\n\t\t<\/div>\n\t<\/div>\n\n\t[\/vc_column][\/vc_row][vc_row padding_top=&#8221;0px&#8221; padding_bottom=&#8221;0px&#8221; bg_video=&#8221;&#8221; class=&#8221;hideit3&#8243; style=&#8221;&#8221;][vc_column fade_animation_offset=&#8221;45px&#8221; width=&#8221;1\/1&#8243;]ERROR: The shelf is empty\n\t\t<div id=\"rfbwp_6a06ee82bd38f\" class=\"rfbwp-shelf rfbwp-shelf-style-classic\">\n\t\t<div class=\"rfbwp-shelf-books\">\n\t\t\t\t\t<\/div>\n\t\t<div class=\"rfbwp-shelf-box\"><a href=\"#\" class=\"rfbwp-close\"><\/a><div class=\"rfbwp-shelf-wrap\"><\/div><\/div>\n\t\t<div class=\"rfbwp-shelf-cache\"><\/div>\t\t<div class=\"rfbwp-shelf-display\">\n\t\t\t<div class=\"rfbwp-shelf-front\"><\/div>\n\t\t\t<div class=\"rfbwp-shelf-front-gradient\"><\/div>\n\t\t\t<div class=\"rfbwp-shelf-top\"><\/div>\n\t\t\t<div class=\"rfbwp-shelf-top-gradient\"><\/div>\n\t\t\t<div class=\"rfbwp-shelf-shadow\"><\/div>\n\t\t<\/div>\n\t<\/div>\n\n\t[\/vc_column][\/vc_row]\n<\/div>","protected":false},"excerpt":{"rendered":"<p>[vc_row padding_top=&#8221;0px&#8221; padding_bottom=&#8221;0px&#8221;][vc_column fade_animation_offset=&#8221;45px&#8221; width=&#8221;1\/1&#8243; id=&#8221;&#8221; class=&#8221;underline-tour-untertitel&#8221; style=&#8221;&#8221;][\/vc_column][\/vc_row][vc_row padding_top=&#8221;0px&#8221; padding_bottom=&#8221;0px&#8221;][vc_column fade_animation_offset=&#8221;45px&#8221; width=&#8221;1\/1&#8243;][vc_row_inner padding_top=&#8221;0px&#8221; padding_bottom=&#8221;0px&#8221;][vc_column_inner fade_animation_offset=&#8221;45px&#8221; width=&#8221;1\/2&#8243;][\/vc_column_inner][vc_column_inner fade_animation_offset=&#8221;45px&#8221; width=&#8221;1\/2&#8243;][\/vc_column_inner][\/vc_row_inner][\/vc_column][\/vc_row][vc_row padding_top=&#8221;0px&#8221; padding_bottom=&#8221;0px&#8221; bg_video=&#8221;&#8221; class=&#8221;hideit1&#8243; style=&#8221;&#8221;][vc_column fade_animation_offset=&#8221;45px&#8221; width=&#8221;1\/1&#8243;][\/vc_column][\/vc_row][vc_row padding_top=&#8221;0px&#8221; padding_bottom=&#8221;0px&#8221; bg_video=&#8221;&#8221; class=&#8221;hideit2&#8243; style=&#8221;&#8221;][vc_column fade_animation_offset=&#8221;45px&#8221; width=&#8221;1\/1&#8243;][\/vc_column][\/vc_row][vc_row padding_top=&#8221;0px&#8221; padding_bottom=&#8221;0px&#8221; bg_video=&#8221;&#8221; class=&#8221;hideit3&#8243; style=&#8221;&#8221;][vc_column fade_animation_offset=&#8221;45px&#8221; width=&#8221;1\/1&#8243;][\/vc_column][\/vc_row]<\/p>\n","protected":false},"author":3,"featured_media":0,"parent":0,"menu_order":0,"comment_status":"closed","ping_status":"closed","template":"","meta":{"footnotes":""},"class_list":["post-3115","page","type-page","status-publish","hentry","no-post-thumbnail"],"yoast_head":"<!-- This site is optimized with the Yoast SEO plugin v27.6 - https:\/\/yoast.com\/product\/yoast-seo-wordpress\/ -->\n<title>Maria W\u00f6rth - Gemeinde Maria W\u00f6rth<\/title>\n<meta name=\"robots\" content=\"index, follow, max-snippet:-1, max-image-preview:large, max-video-preview:-1\" \/>\n<link rel=\"canonical\" href=\"https:\/\/www.maria-woerth.info\/it\/maria-woerth\/\" \/>\n<meta property=\"og:locale\" content=\"it_IT\" \/>\n<meta property=\"og:type\" content=\"article\" \/>\n<meta property=\"og:title\" content=\"Maria W\u00f6rth - Gemeinde Maria W\u00f6rth\" \/>\n<meta property=\"og:description\" content=\"[vc_row padding_top=&#8221;0px&#8221; padding_bottom=&#8221;0px&#8221;][vc_column fade_animation_offset=&#8221;45px&#8221; width=&#8221;1\/1&#8243; id=&#8221;&#8221; class=&#8221;underline-tour-untertitel&#8221; style=&#8221;&#8221;][\/vc_column][\/vc_row][vc_row padding_top=&#8221;0px&#8221; padding_bottom=&#8221;0px&#8221;][vc_column fade_animation_offset=&#8221;45px&#8221; width=&#8221;1\/1&#8243;][vc_row_inner padding_top=&#8221;0px&#8221; padding_bottom=&#8221;0px&#8221;][vc_column_inner fade_animation_offset=&#8221;45px&#8221; width=&#8221;1\/2&#8243;][\/vc_column_inner][vc_column_inner fade_animation_offset=&#8221;45px&#8221; width=&#8221;1\/2&#8243;][\/vc_column_inner][\/vc_row_inner][\/vc_column][\/vc_row][vc_row padding_top=&#8221;0px&#8221; padding_bottom=&#8221;0px&#8221; bg_video=&#8221;&#8221; class=&#8221;hideit1&#8243; style=&#8221;&#8221;][vc_column fade_animation_offset=&#8221;45px&#8221; width=&#8221;1\/1&#8243;][\/vc_column][\/vc_row][vc_row padding_top=&#8221;0px&#8221; padding_bottom=&#8221;0px&#8221; bg_video=&#8221;&#8221; class=&#8221;hideit2&#8243; style=&#8221;&#8221;][vc_column fade_animation_offset=&#8221;45px&#8221; width=&#8221;1\/1&#8243;][\/vc_column][\/vc_row][vc_row padding_top=&#8221;0px&#8221; padding_bottom=&#8221;0px&#8221; bg_video=&#8221;&#8221; class=&#8221;hideit3&#8243; style=&#8221;&#8221;][vc_column fade_animation_offset=&#8221;45px&#8221; width=&#8221;1\/1&#8243;][\/vc_column][\/vc_row]\" \/>\n<meta property=\"og:url\" content=\"https:\/\/www.maria-woerth.info\/it\/maria-woerth\/\" \/>\n<meta property=\"og:site_name\" content=\"Gemeinde Maria W\u00f6rth\" \/>\n<meta property=\"article:publisher\" content=\"https:\/\/www.facebook.com\/MariaWoerth\/?fref=ts\" \/>\n<meta property=\"article:modified_time\" content=\"2025-03-19T08:07:53+00:00\" \/>\n<meta name=\"twitter:card\" content=\"summary_large_image\" \/>\n<meta name=\"twitter:label1\" content=\"Tempo di lettura stimato\" \/>\n\t<meta name=\"twitter:data1\" content=\"2 minuti\" \/>\n<script type=\"application\/ld+json\" class=\"yoast-schema-graph\">{\"@context\":\"https:\\\/\\\/schema.org\",\"@graph\":[{\"@type\":\"WebPage\",\"@id\":\"https:\\\/\\\/www.maria-woerth.info\\\/it\\\/maria-woerth\\\/\",\"url\":\"https:\\\/\\\/www.maria-woerth.info\\\/it\\\/maria-woerth\\\/\",\"name\":\"Maria W\u00f6rth - Gemeinde Maria W\u00f6rth\",\"isPartOf\":{\"@id\":\"https:\\\/\\\/www.maria-woerth.info\\\/#website\"},\"datePublished\":\"2017-02-10T12:19:11+00:00\",\"dateModified\":\"2025-03-19T08:07:53+00:00\",\"breadcrumb\":{\"@id\":\"https:\\\/\\\/www.maria-woerth.info\\\/it\\\/maria-woerth\\\/#breadcrumb\"},\"inLanguage\":\"it-IT\",\"potentialAction\":[{\"@type\":\"ReadAction\",\"target\":[\"https:\\\/\\\/www.maria-woerth.info\\\/it\\\/maria-woerth\\\/\"]}]},{\"@type\":\"BreadcrumbList\",\"@id\":\"https:\\\/\\\/www.maria-woerth.info\\\/it\\\/maria-woerth\\\/#breadcrumb\",\"itemListElement\":[{\"@type\":\"ListItem\",\"position\":1,\"name\":\"Startseite\",\"item\":\"https:\\\/\\\/www.maria-woerth.info\\\/it\\\/\"},{\"@type\":\"ListItem\",\"position\":2,\"name\":\"Maria W\u00f6rth\"}]},{\"@type\":\"WebSite\",\"@id\":\"https:\\\/\\\/www.maria-woerth.info\\\/#website\",\"url\":\"https:\\\/\\\/www.maria-woerth.info\\\/\",\"name\":\"Gemeinde Maria W\u00f6rth\",\"description\":\"...dort wo das Herz zu Hause ist!\",\"potentialAction\":[{\"@type\":\"SearchAction\",\"target\":{\"@type\":\"EntryPoint\",\"urlTemplate\":\"https:\\\/\\\/www.maria-woerth.info\\\/?s={search_term_string}\"},\"query-input\":{\"@type\":\"PropertyValueSpecification\",\"valueRequired\":true,\"valueName\":\"search_term_string\"}}],\"inLanguage\":\"it-IT\"}]}<\/script>\n<!-- \/ Yoast SEO plugin. -->","yoast_head_json":{"title":"Maria W\u00f6rth - Gemeinde Maria W\u00f6rth","robots":{"index":"index","follow":"follow","max-snippet":"max-snippet:-1","max-image-preview":"max-image-preview:large","max-video-preview":"max-video-preview:-1"},"canonical":"https:\/\/www.maria-woerth.info\/it\/maria-woerth\/","og_locale":"it_IT","og_type":"article","og_title":"Maria W\u00f6rth - Gemeinde Maria W\u00f6rth","og_description":"[vc_row padding_top=&#8221;0px&#8221; padding_bottom=&#8221;0px&#8221;][vc_column fade_animation_offset=&#8221;45px&#8221; width=&#8221;1\/1&#8243; id=&#8221;&#8221; class=&#8221;underline-tour-untertitel&#8221; style=&#8221;&#8221;][\/vc_column][\/vc_row][vc_row padding_top=&#8221;0px&#8221; padding_bottom=&#8221;0px&#8221;][vc_column fade_animation_offset=&#8221;45px&#8221; width=&#8221;1\/1&#8243;][vc_row_inner padding_top=&#8221;0px&#8221; padding_bottom=&#8221;0px&#8221;][vc_column_inner fade_animation_offset=&#8221;45px&#8221; width=&#8221;1\/2&#8243;][\/vc_column_inner][vc_column_inner fade_animation_offset=&#8221;45px&#8221; width=&#8221;1\/2&#8243;][\/vc_column_inner][\/vc_row_inner][\/vc_column][\/vc_row][vc_row padding_top=&#8221;0px&#8221; padding_bottom=&#8221;0px&#8221; bg_video=&#8221;&#8221; class=&#8221;hideit1&#8243; style=&#8221;&#8221;][vc_column fade_animation_offset=&#8221;45px&#8221; width=&#8221;1\/1&#8243;][\/vc_column][\/vc_row][vc_row padding_top=&#8221;0px&#8221; padding_bottom=&#8221;0px&#8221; bg_video=&#8221;&#8221; class=&#8221;hideit2&#8243; style=&#8221;&#8221;][vc_column fade_animation_offset=&#8221;45px&#8221; width=&#8221;1\/1&#8243;][\/vc_column][\/vc_row][vc_row padding_top=&#8221;0px&#8221; padding_bottom=&#8221;0px&#8221; bg_video=&#8221;&#8221; class=&#8221;hideit3&#8243; style=&#8221;&#8221;][vc_column fade_animation_offset=&#8221;45px&#8221; width=&#8221;1\/1&#8243;][\/vc_column][\/vc_row]","og_url":"https:\/\/www.maria-woerth.info\/it\/maria-woerth\/","og_site_name":"Gemeinde Maria W\u00f6rth","article_publisher":"https:\/\/www.facebook.com\/MariaWoerth\/?fref=ts","article_modified_time":"2025-03-19T08:07:53+00:00","twitter_card":"summary_large_image","twitter_misc":{"Tempo di lettura stimato":"2 minuti"},"schema":{"@context":"https:\/\/schema.org","@graph":[{"@type":"WebPage","@id":"https:\/\/www.maria-woerth.info\/it\/maria-woerth\/","url":"https:\/\/www.maria-woerth.info\/it\/maria-woerth\/","name":"Maria W\u00f6rth - Gemeinde Maria W\u00f6rth","isPartOf":{"@id":"https:\/\/www.maria-woerth.info\/#website"},"datePublished":"2017-02-10T12:19:11+00:00","dateModified":"2025-03-19T08:07:53+00:00","breadcrumb":{"@id":"https:\/\/www.maria-woerth.info\/it\/maria-woerth\/#breadcrumb"},"inLanguage":"it-IT","potentialAction":[{"@type":"ReadAction","target":["https:\/\/www.maria-woerth.info\/it\/maria-woerth\/"]}]},{"@type":"BreadcrumbList","@id":"https:\/\/www.maria-woerth.info\/it\/maria-woerth\/#breadcrumb","itemListElement":[{"@type":"ListItem","position":1,"name":"Startseite","item":"https:\/\/www.maria-woerth.info\/it\/"},{"@type":"ListItem","position":2,"name":"Maria W\u00f6rth"}]},{"@type":"WebSite","@id":"https:\/\/www.maria-woerth.info\/#website","url":"https:\/\/www.maria-woerth.info\/","name":"Gemeinde Maria W\u00f6rth","description":"...dort wo das Herz zu Hause ist!","potentialAction":[{"@type":"SearchAction","target":{"@type":"EntryPoint","urlTemplate":"https:\/\/www.maria-woerth.info\/?s={search_term_string}"},"query-input":{"@type":"PropertyValueSpecification","valueRequired":true,"valueName":"search_term_string"}}],"inLanguage":"it-IT"}]}},"meta_box":{"one_bereich":"tourismus"},"_links":{"self":[{"href":"https:\/\/www.maria-woerth.info\/it\/wp-json\/wp\/v2\/pages\/3115","targetHints":{"allow":["GET"]}}],"collection":[{"href":"https:\/\/www.maria-woerth.info\/it\/wp-json\/wp\/v2\/pages"}],"about":[{"href":"https:\/\/www.maria-woerth.info\/it\/wp-json\/wp\/v2\/types\/page"}],"author":[{"embeddable":true,"href":"https:\/\/www.maria-woerth.info\/it\/wp-json\/wp\/v2\/users\/3"}],"replies":[{"embeddable":true,"href":"https:\/\/www.maria-woerth.info\/it\/wp-json\/wp\/v2\/comments?post=3115"}],"version-history":[{"count":4,"href":"https:\/\/www.maria-woerth.info\/it\/wp-json\/wp\/v2\/pages\/3115\/revisions"}],"predecessor-version":[{"id":25558,"href":"https:\/\/www.maria-woerth.info\/it\/wp-json\/wp\/v2\/pages\/3115\/revisions\/25558"}],"wp:attachment":[{"href":"https:\/\/www.maria-woerth.info\/it\/wp-json\/wp\/v2\/media?parent=3115"}],"curies":[{"name":"wp","href":"https:\/\/api.w.org\/{rel}","templated":true}]}}