{"id":3092,"date":"2017-02-10T12:04:54","date_gmt":"2017-02-10T11:04:54","guid":{"rendered":"https:\/\/www.maria-woerth.info\/?page_id=3092\/"},"modified":"2025-07-14T14:13:13","modified_gmt":"2025-07-14T12:13:13","slug":"ufficio-registrazione-gestione-del-turismo","status":"publish","type":"page","link":"https:\/\/www.maria-woerth.info\/it\/ufficio-registrazione-gestione-del-turismo\/","title":{"rendered":"Ufficio registrazione &#038; gestione del turismo"},"content":{"rendered":"<div class=\"wpb-content-wrapper\">[vc_row padding_top=&#8221;0px&#8221; padding_bottom=&#8221;0px&#8221;][vc_column fade_animation_offset=&#8221;45px&#8221; width=&#8221;1\/1&#8243; id=&#8221;&#8221; class=&#8221;underline-untertitel&#8221; style=&#8221;&#8221;]<h2 class=\"untertitel-h2\">Comune\u00a0Maria W\u00f6rth \u2013 Reifnitz \u2013 Dellach \u2013 Sekirn<\/h2>\n[\/vc_column][\/vc_row][vc_row padding_top=&#8221;0px&#8221; padding_bottom=&#8221;0px&#8221;][vc_column fade_animation_offset=&#8221;45px&#8221; width=&#8221;2\/3&#8243;]<p><strong style=\"line-height: 1.5;\">Sfera di competenze:<\/strong><\/p>\n<p>Questioni generali inerenti il turismo, i servizi per gli ospiti, l&#8217;ufficio registrazioni, l&#8217;ufficio oggetti smarriti<\/p>\n<ul>\n<li>Pesca &#8211; Rilascio di permessi di pesca per ospiti e diritti di pesca<\/li>\n<li>Rilascio della card K\u00e4rnten e W\u00f6rthersee<\/li>\n<li>Onorificenze agli ospiti<\/li>\n<li>Comunicazioni degli ospiti e dei residenti<\/li>\n<li>Informazioni per ospiti e ospitanti su interessi turistici<\/li>\n<li>Agenzie per gli alloggi<\/li>\n<li>Risposte alle domande<\/li>\n<li>Biblioteca<\/li>\n<li>Ufficio di stato civile<\/li>\n<li>Oggetti trovati e smarriti<\/li>\n<li>Statistiche sul turismo<\/li>\n<li>Succursale Springer Reisen<\/li>\n<li>Vendita di prodotti<\/li>\n<li>Organizzazione di eventi &#8211; Creazione del calendario eventi e dei manifesti<\/li>\n<li>varie stampe<\/li>\n<li>Redazione della rivista comunale &#8220;Vivi Maria W\u00f6rth&#8221;<\/li>\n<li>Manutenzione del sito del turismo<\/li>\n<li>Social Media<\/li>\n<\/ul>\n<p style=\"text-align: left;\">Per informazioni dal registro anagrafico\/certificati anagrafici occorre rivolgersi all&#8217;ufficio anagrafe, Seepromenade 5, 9082 Maria W\u00f6rth o all&#8217;ufficio comunale a Reifnitz. E&#8217; necessario il documento d&#8217;identit\u00e0. Non \u00e8 possibile rilasciare informazioni telefoniche riguardanti il registro anagrafico.<\/p>\n<p style=\"text-align: left;\">Le informazioni del registro anagrafico sono a pagamento: richieste presentate a voce, per ogni informazione dal registro centrale, hanno un costo di 3,00 euro, dal registro anagrafico locale (LMR) di 2,10 euro. Per i certificati dell&#8217;ufficio anagrafe si richiede anche il pagamento della tassa federale di 21 Euro. Questa tassa non viene applicata se si tratta di una cosiddetta comunicazione gratuita (&#8220;da presentare a &#8230;&#8221;). Per le domande scritte si applica anche una tassa federale di 21 Euro per ogni informazione personale o certificato.<\/p>\n[\/vc_column][vc_column fade_animation_offset=&#8221;45px&#8221; width=&#8221;1\/3&#8243; id=&#8221;&#8221; class=&#8221;kontakt-box&#8221; style=&#8221;&#8221;]<a  class=\"x-img gemeinde-kreis x-img-link x-img-circle none\"  href=\"https:\/\/www.maria-woerth.info\/wp-content\/uploads\/2016\/04\/bleier.jpg\"     data-options=\"thumbnail: 'https:\/\/www.maria-woerth.info\/wp-content\/uploads\/2016\/04\/Claudiagekauft.jpg'\"><img decoding=\"async\" src=\"https:\/\/www.maria-woerth.info\/wp-content\/uploads\/2016\/04\/Claudiagekauft.jpg\" alt=\"Claudia Bleier\"><\/a><h3 class=\"gemeinde-person\">Claudia Bleier<\/h3>\n<p style=\"text-align: center;\"><strong>Interlocutore<\/strong><\/p>\n<p style=\"text-align: center;\"><i class=\"fa fa-phone\"><\/i> 04273\/2240-321<br \/>\n<i class=\"fa fa-fax\"><\/i> 04273\/3703<br \/>\n<i class=\"fa fa-envelope\"><\/i>\u00a0<a title=\"Email schreiben\" href=\"mailto:claudia.bleier@ktn.gde.at\">claudia.bleier@ktn.gde.at<\/a><\/p>\n[\/vc_column][\/vc_row]\n<\/div>","protected":false},"excerpt":{"rendered":"<p>[vc_row padding_top=&#8221;0px&#8221; padding_bottom=&#8221;0px&#8221;][vc_column fade_animation_offset=&#8221;45px&#8221; width=&#8221;1\/1&#8243; id=&#8221;&#8221; class=&#8221;underline-untertitel&#8221; style=&#8221;&#8221;][\/vc_column][\/vc_row][vc_row padding_top=&#8221;0px&#8221; padding_bottom=&#8221;0px&#8221;][vc_column fade_animation_offset=&#8221;45px&#8221; width=&#8221;2\/3&#8243;][\/vc_column][vc_column fade_animation_offset=&#8221;45px&#8221; width=&#8221;1\/3&#8243; id=&#8221;&#8221; class=&#8221;kontakt-box&#8221; style=&#8221;&#8221;][\/vc_column][\/vc_row]<\/p>\n","protected":false},"author":3,"featured_media":0,"parent":0,"menu_order":0,"comment_status":"closed","ping_status":"closed","template":"","meta":{"footnotes":""},"class_list":["post-3092","page","type-page","status-publish","hentry","no-post-thumbnail"],"yoast_head":"<!-- This site is optimized with the Yoast SEO plugin v27.4 - https:\/\/yoast.com\/product\/yoast-seo-wordpress\/ -->\n<title>Ufficio registrazione &amp; gestione del turismo - Gemeinde Maria W\u00f6rth<\/title>\n<meta name=\"robots\" content=\"index, follow, max-snippet:-1, max-image-preview:large, max-video-preview:-1\" \/>\n<link rel=\"canonical\" href=\"https:\/\/www.maria-woerth.info\/it\/ufficio-registrazione-gestione-del-turismo\/\" \/>\n<meta property=\"og:locale\" content=\"it_IT\" \/>\n<meta property=\"og:type\" content=\"article\" \/>\n<meta property=\"og:title\" content=\"Ufficio registrazione &amp; gestione del turismo - Gemeinde Maria W\u00f6rth\" \/>\n<meta property=\"og:description\" content=\"[vc_row padding_top=&#8221;0px&#8221; padding_bottom=&#8221;0px&#8221;][vc_column fade_animation_offset=&#8221;45px&#8221; width=&#8221;1\/1&#8243; id=&#8221;&#8221; class=&#8221;underline-untertitel&#8221; style=&#8221;&#8221;][\/vc_column][\/vc_row][vc_row padding_top=&#8221;0px&#8221; padding_bottom=&#8221;0px&#8221;][vc_column fade_animation_offset=&#8221;45px&#8221; width=&#8221;2\/3&#8243;][\/vc_column][vc_column fade_animation_offset=&#8221;45px&#8221; width=&#8221;1\/3&#8243; id=&#8221;&#8221; class=&#8221;kontakt-box&#8221; style=&#8221;&#8221;][\/vc_column][\/vc_row]\" \/>\n<meta property=\"og:url\" content=\"https:\/\/www.maria-woerth.info\/it\/ufficio-registrazione-gestione-del-turismo\/\" \/>\n<meta property=\"og:site_name\" content=\"Gemeinde Maria W\u00f6rth\" \/>\n<meta property=\"article:publisher\" content=\"https:\/\/www.facebook.com\/MariaWoerth\/?fref=ts\" \/>\n<meta property=\"article:modified_time\" content=\"2025-07-14T12:13:13+00:00\" \/>\n<meta name=\"twitter:card\" content=\"summary_large_image\" \/>\n<meta name=\"twitter:label1\" content=\"Tempo di lettura stimato\" \/>\n\t<meta name=\"twitter:data1\" content=\"2 minuti\" \/>\n<script type=\"application\/ld+json\" class=\"yoast-schema-graph\">{\"@context\":\"https:\\\/\\\/schema.org\",\"@graph\":[{\"@type\":\"WebPage\",\"@id\":\"https:\\\/\\\/www.maria-woerth.info\\\/it\\\/ufficio-registrazione-gestione-del-turismo\\\/\",\"url\":\"https:\\\/\\\/www.maria-woerth.info\\\/it\\\/ufficio-registrazione-gestione-del-turismo\\\/\",\"name\":\"Ufficio registrazione & gestione del turismo - Gemeinde Maria W\u00f6rth\",\"isPartOf\":{\"@id\":\"https:\\\/\\\/www.maria-woerth.info\\\/#website\"},\"datePublished\":\"2017-02-10T11:04:54+00:00\",\"dateModified\":\"2025-07-14T12:13:13+00:00\",\"breadcrumb\":{\"@id\":\"https:\\\/\\\/www.maria-woerth.info\\\/it\\\/ufficio-registrazione-gestione-del-turismo\\\/#breadcrumb\"},\"inLanguage\":\"it-IT\",\"potentialAction\":[{\"@type\":\"ReadAction\",\"target\":[\"https:\\\/\\\/www.maria-woerth.info\\\/it\\\/ufficio-registrazione-gestione-del-turismo\\\/\"]}]},{\"@type\":\"BreadcrumbList\",\"@id\":\"https:\\\/\\\/www.maria-woerth.info\\\/it\\\/ufficio-registrazione-gestione-del-turismo\\\/#breadcrumb\",\"itemListElement\":[{\"@type\":\"ListItem\",\"position\":1,\"name\":\"Startseite\",\"item\":\"https:\\\/\\\/www.maria-woerth.info\\\/it\\\/\"},{\"@type\":\"ListItem\",\"position\":2,\"name\":\"Ufficio registrazione &#038; gestione del turismo\"}]},{\"@type\":\"WebSite\",\"@id\":\"https:\\\/\\\/www.maria-woerth.info\\\/#website\",\"url\":\"https:\\\/\\\/www.maria-woerth.info\\\/\",\"name\":\"Gemeinde Maria W\u00f6rth\",\"description\":\"...dort wo das Herz zu Hause ist!\",\"potentialAction\":[{\"@type\":\"SearchAction\",\"target\":{\"@type\":\"EntryPoint\",\"urlTemplate\":\"https:\\\/\\\/www.maria-woerth.info\\\/?s={search_term_string}\"},\"query-input\":{\"@type\":\"PropertyValueSpecification\",\"valueRequired\":true,\"valueName\":\"search_term_string\"}}],\"inLanguage\":\"it-IT\"}]}<\/script>\n<!-- \/ Yoast SEO plugin. -->","yoast_head_json":{"title":"Ufficio registrazione & gestione del turismo - Gemeinde Maria W\u00f6rth","robots":{"index":"index","follow":"follow","max-snippet":"max-snippet:-1","max-image-preview":"max-image-preview:large","max-video-preview":"max-video-preview:-1"},"canonical":"https:\/\/www.maria-woerth.info\/it\/ufficio-registrazione-gestione-del-turismo\/","og_locale":"it_IT","og_type":"article","og_title":"Ufficio registrazione & gestione del turismo - Gemeinde Maria W\u00f6rth","og_description":"[vc_row padding_top=&#8221;0px&#8221; padding_bottom=&#8221;0px&#8221;][vc_column fade_animation_offset=&#8221;45px&#8221; width=&#8221;1\/1&#8243; id=&#8221;&#8221; class=&#8221;underline-untertitel&#8221; style=&#8221;&#8221;][\/vc_column][\/vc_row][vc_row padding_top=&#8221;0px&#8221; padding_bottom=&#8221;0px&#8221;][vc_column fade_animation_offset=&#8221;45px&#8221; width=&#8221;2\/3&#8243;][\/vc_column][vc_column fade_animation_offset=&#8221;45px&#8221; width=&#8221;1\/3&#8243; id=&#8221;&#8221; class=&#8221;kontakt-box&#8221; style=&#8221;&#8221;][\/vc_column][\/vc_row]","og_url":"https:\/\/www.maria-woerth.info\/it\/ufficio-registrazione-gestione-del-turismo\/","og_site_name":"Gemeinde Maria W\u00f6rth","article_publisher":"https:\/\/www.facebook.com\/MariaWoerth\/?fref=ts","article_modified_time":"2025-07-14T12:13:13+00:00","twitter_card":"summary_large_image","twitter_misc":{"Tempo di lettura stimato":"2 minuti"},"schema":{"@context":"https:\/\/schema.org","@graph":[{"@type":"WebPage","@id":"https:\/\/www.maria-woerth.info\/it\/ufficio-registrazione-gestione-del-turismo\/","url":"https:\/\/www.maria-woerth.info\/it\/ufficio-registrazione-gestione-del-turismo\/","name":"Ufficio registrazione & gestione del turismo - Gemeinde Maria W\u00f6rth","isPartOf":{"@id":"https:\/\/www.maria-woerth.info\/#website"},"datePublished":"2017-02-10T11:04:54+00:00","dateModified":"2025-07-14T12:13:13+00:00","breadcrumb":{"@id":"https:\/\/www.maria-woerth.info\/it\/ufficio-registrazione-gestione-del-turismo\/#breadcrumb"},"inLanguage":"it-IT","potentialAction":[{"@type":"ReadAction","target":["https:\/\/www.maria-woerth.info\/it\/ufficio-registrazione-gestione-del-turismo\/"]}]},{"@type":"BreadcrumbList","@id":"https:\/\/www.maria-woerth.info\/it\/ufficio-registrazione-gestione-del-turismo\/#breadcrumb","itemListElement":[{"@type":"ListItem","position":1,"name":"Startseite","item":"https:\/\/www.maria-woerth.info\/it\/"},{"@type":"ListItem","position":2,"name":"Ufficio registrazione &#038; gestione del turismo"}]},{"@type":"WebSite","@id":"https:\/\/www.maria-woerth.info\/#website","url":"https:\/\/www.maria-woerth.info\/","name":"Gemeinde Maria W\u00f6rth","description":"...dort wo das Herz zu Hause ist!","potentialAction":[{"@type":"SearchAction","target":{"@type":"EntryPoint","urlTemplate":"https:\/\/www.maria-woerth.info\/?s={search_term_string}"},"query-input":{"@type":"PropertyValueSpecification","valueRequired":true,"valueName":"search_term_string"}}],"inLanguage":"it-IT"}]}},"meta_box":{"one_bereich":"tourismus"},"_links":{"self":[{"href":"https:\/\/www.maria-woerth.info\/it\/wp-json\/wp\/v2\/pages\/3092","targetHints":{"allow":["GET"]}}],"collection":[{"href":"https:\/\/www.maria-woerth.info\/it\/wp-json\/wp\/v2\/pages"}],"about":[{"href":"https:\/\/www.maria-woerth.info\/it\/wp-json\/wp\/v2\/types\/page"}],"author":[{"embeddable":true,"href":"https:\/\/www.maria-woerth.info\/it\/wp-json\/wp\/v2\/users\/3"}],"replies":[{"embeddable":true,"href":"https:\/\/www.maria-woerth.info\/it\/wp-json\/wp\/v2\/comments?post=3092"}],"version-history":[{"count":2,"href":"https:\/\/www.maria-woerth.info\/it\/wp-json\/wp\/v2\/pages\/3092\/revisions"}],"predecessor-version":[{"id":26308,"href":"https:\/\/www.maria-woerth.info\/it\/wp-json\/wp\/v2\/pages\/3092\/revisions\/26308"}],"wp:attachment":[{"href":"https:\/\/www.maria-woerth.info\/it\/wp-json\/wp\/v2\/media?parent=3092"}],"curies":[{"name":"wp","href":"https:\/\/api.w.org\/{rel}","templated":true}]}}