{"id":3090,"date":"2017-02-10T12:00:00","date_gmt":"2017-02-10T11:00:00","guid":{"rendered":"https:\/\/www.maria-woerth.info\/?page_id=3090\/"},"modified":"2023-05-22T13:01:55","modified_gmt":"2023-05-22T11:01:55","slug":"ufficio-oggetti-smarriti","status":"publish","type":"page","link":"https:\/\/www.maria-woerth.info\/it\/ufficio-oggetti-smarriti\/","title":{"rendered":"Ufficio oggetti smarriti"},"content":{"rendered":"<div class=\"wpb-content-wrapper\">[vc_row padding_top=&#8221;0px&#8221; padding_bottom=&#8221;0px&#8221;][vc_column fade_animation_offset=&#8221;45px&#8221; width=&#8221;1\/1&#8243; id=&#8221;&#8221; class=&#8221;underline-untertitel&#8221; style=&#8221;&#8221;]<h2 class=\"untertitel-h2\">Comune\u00a0Maria W\u00f6rth \u2013 Reifnitz \u2013 Dellach \u2013 Sekirn<\/h2>\n[\/vc_column][\/vc_row][vc_row padding_top=&#8221;0px&#8221; padding_bottom=&#8221;0px&#8221;][vc_column fade_animation_offset=&#8221;45px&#8221; width=&#8221;2\/3&#8243;]<p style=\"text-align: left;\">Se avete trovato un oggetto avente un valore superiore a 10,00 euro o se l&#8217;oggetto trovato sembra chiaramente importante per il proprietario, in qualit\u00e0 di rinvenitore siete tenuti a consegnarlo all&#8217;autorit\u00e0 competente. Oggetti smarriti, ritrovati nell&#8217;area del comune di Maria W\u00f6rth, devono essere consegnati<\/p>\n<p style=\"text-align: left;\"><strong>all&#8217;ufficio Informazioni Turistiche di Maria W\u00f6rth &#8211; Ufficio oggetti smarriti &#8211; Seepromenade 5, 9082 Maria W\u00f6rth in orari d&#8217;ufficio lun &#8211; venerdi 8.00 &#8211; 12.00 <\/strong><strong>\u00a0(sab, dom e festivi chiuso).<\/strong><\/p>\n[\/vc_column][vc_column fade_animation_offset=&#8221;45px&#8221; width=&#8221;1\/3&#8243; id=&#8221;&#8221; class=&#8221;kontakt-box&#8221; style=&#8221;&#8221;]<a  class=\"x-img gemeinde-kreis x-img-link x-img-circle none\"  href=\"https:\/\/www.maria-woerth.info\/wp-content\/uploads\/2016\/05\/MariaWo\u0308rthInfoFotos-003.jpg\"     data-options=\"thumbnail: 'https:\/\/www.maria-woerth.info\/wp-content\/uploads\/2016\/05\/MariaWo\u0308rthInfoFotos-003-2.jpg'\"><img decoding=\"async\" src=\"https:\/\/www.maria-woerth.info\/wp-content\/uploads\/2016\/05\/MariaWo\u0308rthInfoFotos-003-2.jpg\" alt=\"Tourismusinformation\"><\/a><h3 class=\"gemeinde-person\">Ufficio Informazioni Turistiche<\/h3>\n<p style=\"text-align: center;\"><strong>Maria W\u00f6rth<br \/>\n<\/strong>Seepromenade 5<br \/>\n9082 Maria W\u00f6rth<\/p>\n<p style=\"text-align: center;\"><i class=\"fa fa-phone\"><\/i> 04273\/2240-0<br \/>\n<i class=\"fa fa-fax\"><\/i> 04273\/3703<br \/>\n<i class=\"fa fa-envelope\"><\/i>\u00a0<a title=\"Email schreiben\" href=\"mailto:mariawoerthinfo@ktn.gde.at\">mariawoerthinfo@ktn.gde.at<\/a><\/p>\n[\/vc_column][\/vc_row][vc_row padding_top=&#8221;0px&#8221; padding_bottom=&#8221;0px&#8221;][vc_column fade_animation_offset=&#8221;45px&#8221; width=&#8221;1\/1&#8243; id=&#8221;&#8221; class=&#8221;underline-untertitel&#8221; style=&#8221;&#8221;]<h2 class=\"untertitel-h2\">Avete perso qualcosa?<\/h2>\n[\/vc_column][\/vc_row][vc_row padding_top=&#8221;0px&#8221; padding_bottom=&#8221;0px&#8221;][vc_column fade_animation_offset=&#8221;45px&#8221; width=&#8221;1\/1&#8243;]<p style=\"text-align: left;\">Il nostro ufficio oggetti smarriti \u00e8 a vostra disposizione per ritrovare oggetti persi o dimenticati nell&#8217;area del comune di Maria W\u00f6rth. Oggetti persi o dimenticati e consegnati all&#8217;ufficio oggetti smarriti del comune di Maria W\u00f6rth possono essere ritirati (dal proprietario) presso il suddetto ufficio in orario di apertura.<\/p>\n<p style=\"text-align: left;\">Le copie di una denuncia di smarrimento da presentare a un ufficio, alle autorit\u00e0, ecc. sono a pagamento. (\u20ac 2,10)<\/p>\n[\/vc_column][\/vc_row]\n<\/div>","protected":false},"excerpt":{"rendered":"<p>[vc_row padding_top=&#8221;0px&#8221; padding_bottom=&#8221;0px&#8221;][vc_column fade_animation_offset=&#8221;45px&#8221; width=&#8221;1\/1&#8243; id=&#8221;&#8221; class=&#8221;underline-untertitel&#8221; style=&#8221;&#8221;][\/vc_column][\/vc_row][vc_row padding_top=&#8221;0px&#8221; padding_bottom=&#8221;0px&#8221;][vc_column fade_animation_offset=&#8221;45px&#8221; width=&#8221;2\/3&#8243;][\/vc_column][vc_column fade_animation_offset=&#8221;45px&#8221; width=&#8221;1\/3&#8243; id=&#8221;&#8221; class=&#8221;kontakt-box&#8221; style=&#8221;&#8221;][\/vc_column][\/vc_row][vc_row padding_top=&#8221;0px&#8221; padding_bottom=&#8221;0px&#8221;][vc_column fade_animation_offset=&#8221;45px&#8221; width=&#8221;1\/1&#8243; id=&#8221;&#8221; class=&#8221;underline-untertitel&#8221; style=&#8221;&#8221;][\/vc_column][\/vc_row][vc_row padding_top=&#8221;0px&#8221; padding_bottom=&#8221;0px&#8221;][vc_column fade_animation_offset=&#8221;45px&#8221; width=&#8221;1\/1&#8243;][\/vc_column][\/vc_row]<\/p>\n","protected":false},"author":3,"featured_media":0,"parent":0,"menu_order":0,"comment_status":"closed","ping_status":"closed","template":"","meta":{"footnotes":""},"class_list":["post-3090","page","type-page","status-publish","hentry","no-post-thumbnail"],"yoast_head":"<!-- This site is optimized with the Yoast SEO plugin v27.4 - https:\/\/yoast.com\/product\/yoast-seo-wordpress\/ -->\n<title>Ufficio oggetti smarriti - Gemeinde Maria W\u00f6rth<\/title>\n<meta name=\"robots\" content=\"index, follow, max-snippet:-1, max-image-preview:large, max-video-preview:-1\" \/>\n<link rel=\"canonical\" href=\"https:\/\/www.maria-woerth.info\/it\/ufficio-oggetti-smarriti\/\" \/>\n<meta property=\"og:locale\" content=\"it_IT\" \/>\n<meta property=\"og:type\" content=\"article\" \/>\n<meta property=\"og:title\" content=\"Ufficio oggetti smarriti - Gemeinde Maria W\u00f6rth\" \/>\n<meta property=\"og:description\" content=\"[vc_row padding_top=&#8221;0px&#8221; padding_bottom=&#8221;0px&#8221;][vc_column fade_animation_offset=&#8221;45px&#8221; width=&#8221;1\/1&#8243; id=&#8221;&#8221; class=&#8221;underline-untertitel&#8221; style=&#8221;&#8221;][\/vc_column][\/vc_row][vc_row padding_top=&#8221;0px&#8221; padding_bottom=&#8221;0px&#8221;][vc_column fade_animation_offset=&#8221;45px&#8221; width=&#8221;2\/3&#8243;][\/vc_column][vc_column fade_animation_offset=&#8221;45px&#8221; width=&#8221;1\/3&#8243; id=&#8221;&#8221; class=&#8221;kontakt-box&#8221; style=&#8221;&#8221;][\/vc_column][\/vc_row][vc_row padding_top=&#8221;0px&#8221; padding_bottom=&#8221;0px&#8221;][vc_column fade_animation_offset=&#8221;45px&#8221; width=&#8221;1\/1&#8243; id=&#8221;&#8221; class=&#8221;underline-untertitel&#8221; style=&#8221;&#8221;][\/vc_column][\/vc_row][vc_row padding_top=&#8221;0px&#8221; padding_bottom=&#8221;0px&#8221;][vc_column fade_animation_offset=&#8221;45px&#8221; width=&#8221;1\/1&#8243;][\/vc_column][\/vc_row]\" \/>\n<meta property=\"og:url\" content=\"https:\/\/www.maria-woerth.info\/it\/ufficio-oggetti-smarriti\/\" \/>\n<meta property=\"og:site_name\" content=\"Gemeinde Maria W\u00f6rth\" \/>\n<meta property=\"article:publisher\" content=\"https:\/\/www.facebook.com\/MariaWoerth\/?fref=ts\" \/>\n<meta property=\"article:modified_time\" content=\"2023-05-22T11:01:55+00:00\" \/>\n<meta name=\"twitter:card\" content=\"summary_large_image\" \/>\n<meta name=\"twitter:label1\" content=\"Tempo di lettura stimato\" \/>\n\t<meta name=\"twitter:data1\" content=\"2 minuti\" \/>\n<script type=\"application\/ld+json\" class=\"yoast-schema-graph\">{\"@context\":\"https:\\\/\\\/schema.org\",\"@graph\":[{\"@type\":\"WebPage\",\"@id\":\"https:\\\/\\\/www.maria-woerth.info\\\/it\\\/ufficio-oggetti-smarriti\\\/\",\"url\":\"https:\\\/\\\/www.maria-woerth.info\\\/it\\\/ufficio-oggetti-smarriti\\\/\",\"name\":\"Ufficio oggetti smarriti - Gemeinde Maria W\u00f6rth\",\"isPartOf\":{\"@id\":\"https:\\\/\\\/www.maria-woerth.info\\\/#website\"},\"datePublished\":\"2017-02-10T11:00:00+00:00\",\"dateModified\":\"2023-05-22T11:01:55+00:00\",\"breadcrumb\":{\"@id\":\"https:\\\/\\\/www.maria-woerth.info\\\/it\\\/ufficio-oggetti-smarriti\\\/#breadcrumb\"},\"inLanguage\":\"it-IT\",\"potentialAction\":[{\"@type\":\"ReadAction\",\"target\":[\"https:\\\/\\\/www.maria-woerth.info\\\/it\\\/ufficio-oggetti-smarriti\\\/\"]}]},{\"@type\":\"BreadcrumbList\",\"@id\":\"https:\\\/\\\/www.maria-woerth.info\\\/it\\\/ufficio-oggetti-smarriti\\\/#breadcrumb\",\"itemListElement\":[{\"@type\":\"ListItem\",\"position\":1,\"name\":\"Startseite\",\"item\":\"https:\\\/\\\/www.maria-woerth.info\\\/it\\\/\"},{\"@type\":\"ListItem\",\"position\":2,\"name\":\"Ufficio oggetti smarriti\"}]},{\"@type\":\"WebSite\",\"@id\":\"https:\\\/\\\/www.maria-woerth.info\\\/#website\",\"url\":\"https:\\\/\\\/www.maria-woerth.info\\\/\",\"name\":\"Gemeinde Maria W\u00f6rth\",\"description\":\"...dort wo das Herz zu Hause ist!\",\"potentialAction\":[{\"@type\":\"SearchAction\",\"target\":{\"@type\":\"EntryPoint\",\"urlTemplate\":\"https:\\\/\\\/www.maria-woerth.info\\\/?s={search_term_string}\"},\"query-input\":{\"@type\":\"PropertyValueSpecification\",\"valueRequired\":true,\"valueName\":\"search_term_string\"}}],\"inLanguage\":\"it-IT\"}]}<\/script>\n<!-- \/ Yoast SEO plugin. -->","yoast_head_json":{"title":"Ufficio oggetti smarriti - Gemeinde Maria W\u00f6rth","robots":{"index":"index","follow":"follow","max-snippet":"max-snippet:-1","max-image-preview":"max-image-preview:large","max-video-preview":"max-video-preview:-1"},"canonical":"https:\/\/www.maria-woerth.info\/it\/ufficio-oggetti-smarriti\/","og_locale":"it_IT","og_type":"article","og_title":"Ufficio oggetti smarriti - Gemeinde Maria W\u00f6rth","og_description":"[vc_row padding_top=&#8221;0px&#8221; padding_bottom=&#8221;0px&#8221;][vc_column fade_animation_offset=&#8221;45px&#8221; width=&#8221;1\/1&#8243; id=&#8221;&#8221; class=&#8221;underline-untertitel&#8221; style=&#8221;&#8221;][\/vc_column][\/vc_row][vc_row padding_top=&#8221;0px&#8221; padding_bottom=&#8221;0px&#8221;][vc_column fade_animation_offset=&#8221;45px&#8221; width=&#8221;2\/3&#8243;][\/vc_column][vc_column fade_animation_offset=&#8221;45px&#8221; width=&#8221;1\/3&#8243; id=&#8221;&#8221; class=&#8221;kontakt-box&#8221; style=&#8221;&#8221;][\/vc_column][\/vc_row][vc_row padding_top=&#8221;0px&#8221; padding_bottom=&#8221;0px&#8221;][vc_column fade_animation_offset=&#8221;45px&#8221; width=&#8221;1\/1&#8243; id=&#8221;&#8221; class=&#8221;underline-untertitel&#8221; style=&#8221;&#8221;][\/vc_column][\/vc_row][vc_row padding_top=&#8221;0px&#8221; padding_bottom=&#8221;0px&#8221;][vc_column fade_animation_offset=&#8221;45px&#8221; width=&#8221;1\/1&#8243;][\/vc_column][\/vc_row]","og_url":"https:\/\/www.maria-woerth.info\/it\/ufficio-oggetti-smarriti\/","og_site_name":"Gemeinde Maria W\u00f6rth","article_publisher":"https:\/\/www.facebook.com\/MariaWoerth\/?fref=ts","article_modified_time":"2023-05-22T11:01:55+00:00","twitter_card":"summary_large_image","twitter_misc":{"Tempo di lettura stimato":"2 minuti"},"schema":{"@context":"https:\/\/schema.org","@graph":[{"@type":"WebPage","@id":"https:\/\/www.maria-woerth.info\/it\/ufficio-oggetti-smarriti\/","url":"https:\/\/www.maria-woerth.info\/it\/ufficio-oggetti-smarriti\/","name":"Ufficio oggetti smarriti - Gemeinde Maria W\u00f6rth","isPartOf":{"@id":"https:\/\/www.maria-woerth.info\/#website"},"datePublished":"2017-02-10T11:00:00+00:00","dateModified":"2023-05-22T11:01:55+00:00","breadcrumb":{"@id":"https:\/\/www.maria-woerth.info\/it\/ufficio-oggetti-smarriti\/#breadcrumb"},"inLanguage":"it-IT","potentialAction":[{"@type":"ReadAction","target":["https:\/\/www.maria-woerth.info\/it\/ufficio-oggetti-smarriti\/"]}]},{"@type":"BreadcrumbList","@id":"https:\/\/www.maria-woerth.info\/it\/ufficio-oggetti-smarriti\/#breadcrumb","itemListElement":[{"@type":"ListItem","position":1,"name":"Startseite","item":"https:\/\/www.maria-woerth.info\/it\/"},{"@type":"ListItem","position":2,"name":"Ufficio oggetti smarriti"}]},{"@type":"WebSite","@id":"https:\/\/www.maria-woerth.info\/#website","url":"https:\/\/www.maria-woerth.info\/","name":"Gemeinde Maria W\u00f6rth","description":"...dort wo das Herz zu Hause ist!","potentialAction":[{"@type":"SearchAction","target":{"@type":"EntryPoint","urlTemplate":"https:\/\/www.maria-woerth.info\/?s={search_term_string}"},"query-input":{"@type":"PropertyValueSpecification","valueRequired":true,"valueName":"search_term_string"}}],"inLanguage":"it-IT"}]}},"meta_box":{"one_bereich":"gemeinde"},"_links":{"self":[{"href":"https:\/\/www.maria-woerth.info\/it\/wp-json\/wp\/v2\/pages\/3090","targetHints":{"allow":["GET"]}}],"collection":[{"href":"https:\/\/www.maria-woerth.info\/it\/wp-json\/wp\/v2\/pages"}],"about":[{"href":"https:\/\/www.maria-woerth.info\/it\/wp-json\/wp\/v2\/types\/page"}],"author":[{"embeddable":true,"href":"https:\/\/www.maria-woerth.info\/it\/wp-json\/wp\/v2\/users\/3"}],"replies":[{"embeddable":true,"href":"https:\/\/www.maria-woerth.info\/it\/wp-json\/wp\/v2\/comments?post=3090"}],"version-history":[{"count":0,"href":"https:\/\/www.maria-woerth.info\/it\/wp-json\/wp\/v2\/pages\/3090\/revisions"}],"wp:attachment":[{"href":"https:\/\/www.maria-woerth.info\/it\/wp-json\/wp\/v2\/media?parent=3090"}],"curies":[{"name":"wp","href":"https:\/\/api.w.org\/{rel}","templated":true}]}}